{"id":40,"date":"2026-02-25T10:34:37","date_gmt":"2026-02-25T10:34:37","guid":{"rendered":"https:\/\/bktech.sumec.ch\/?page_id=40"},"modified":"2026-04-21T11:50:11","modified_gmt":"2026-04-21T11:50:11","slug":"startseite","status":"publish","type":"page","link":"https:\/\/bktech.sumec.ch\/","title":{"rendered":"Startseite"},"content":{"rendered":"\n<div id=\"sumec-splash\" class=\"sumec-splash\" aria-hidden=\"false\" role=\"dialog\" aria-modal=\"true\">\n  <div class=\"sumec-splash__panel sumec-splash__panel--left\">\n    <div class=\"sumec-splash__content\">\n      <img class=\"sumec-splash__logo\"\n           src=\"https:\/\/bktech.sumec.ch\/wp-content\/uploads\/2026\/02\/BKTech_Logo_RGB_White.webp\"\n           alt=\"bk tech\"\n           loading=\"lazy\"\n           decoding=\"async\">\n    <\/div>\n  <\/div>\n\n  <div class=\"sumec-splash__divider\" aria-hidden=\"true\"><\/div>\n\n  <div class=\"sumec-splash__panel sumec-splash__panel--right\">\n    <div class=\"sumec-splash__content\">\n      <img class=\"sumec-splash__logo\"\n           src=\"https:\/\/bktech.sumec.ch\/wp-content\/uploads\/2026\/02\/Sumec_Logo_Schriftzug_RGB_White.webp\"\n           alt=\"SUMEC \u2013 Der Maschinen- und Anlagenbauer\"\n           loading=\"lazy\"\n           decoding=\"async\">\n    <\/div>\n  <\/div>\n <div class=\"sumec-splash__hint\" aria-hidden=\"true\">\n  <img class=\"sumec-splash__hint-icon\"\n       src=\"https:\/\/bktech.sumec.ch\/wp-content\/uploads\/2026\/02\/Arrow_Down_02.svg\"\n       alt=\"\"\n       decoding=\"async\"\n       loading=\"lazy\">\n<\/div>\n<\/div>\n\n\n\n<div style=\"height:300px\" aria-hidden=\"true\" class=\"wp-block-spacer\"><\/div>\n\n\n\n<div class=\"wp-block-group has-global-padding is-layout-constrained wp-container-core-group-is-layout-4897f5cc wp-block-group-is-layout-constrained\" style=\"min-height:3000px;margin-top:0;margin-bottom:0;padding-top:0;padding-bottom:0\">\n<div class=\"wp-block-group is-vertical is-content-justification-center is-layout-flex wp-container-core-group-is-layout-bfb73f42 wp-block-group-is-layout-flex\" style=\"min-height:1500px;padding-top:0;padding-bottom:0\">\n<figure class=\"wp-block-image size-full\"><img loading=\"lazy\" decoding=\"async\" width=\"1024\" height=\"301\" src=\"https:\/\/bktech.sumec.ch\/wp-content\/uploads\/2026\/02\/Sumec_Logo_Schriftzug_RGB_Grey.webp\" alt=\"BKtech Logo in Grau\" class=\"wp-image-49\" srcset=\"https:\/\/bktech.sumec.ch\/wp-content\/uploads\/2026\/02\/Sumec_Logo_Schriftzug_RGB_Grey.webp 1024w, https:\/\/bktech.sumec.ch\/wp-content\/uploads\/2026\/02\/Sumec_Logo_Schriftzug_RGB_Grey-300x88.webp 300w, https:\/\/bktech.sumec.ch\/wp-content\/uploads\/2026\/02\/Sumec_Logo_Schriftzug_RGB_Grey-768x226.webp 768w\" sizes=\"auto, (max-width: 1024px) 100vw, 1024px\" \/><figcaption class=\"wp-element-caption\">BKtech Logo in Grau<\/figcaption><\/figure>\n\n\n\n<figure class=\"wp-block-image size-full wp-container-content-2a2ce370\" style=\"margin-top:0;margin-bottom:0\"><img loading=\"lazy\" decoding=\"async\" width=\"500\" height=\"944\" src=\"https:\/\/bktech.sumec.ch\/wp-content\/uploads\/2026\/02\/bktech_Sumec_Partnerschaft_Trennstriche.webp\" alt=\"Partnerschafts-Designelement der Firmen bktech und Sumec AG\" class=\"wp-image-98\" srcset=\"https:\/\/bktech.sumec.ch\/wp-content\/uploads\/2026\/02\/bktech_Sumec_Partnerschaft_Trennstriche.webp 500w, https:\/\/bktech.sumec.ch\/wp-content\/uploads\/2026\/02\/bktech_Sumec_Partnerschaft_Trennstriche-159x300.webp 159w\" sizes=\"auto, (max-width: 500px) 100vw, 500px\" \/><\/figure>\n\n\n\n<p><\/p>\n<\/div>\n<\/div>\n\n\n\n<div class=\"wp-block-group has-global-padding is-layout-constrained wp-block-group-is-layout-constrained\">\n<div class=\"wp-block-group is-content-justification-center is-nowrap is-layout-flex wp-container-core-group-is-layout-23441af8 wp-block-group-is-layout-flex\">\n<div class=\"wp-block-group is-nowrap is-layout-flex wp-container-core-group-is-layout-6c531013 wp-block-group-is-layout-flex gs_ujHbkv group_wrap\">\n<h2 class=\"wp-block-heading has-text-align-right bio-split-reveal__title\"><strong>Industrielle Bioenergiel\u00f6sung \u2013<br>entwickelt von<br>bktech, betreut von der Sumec AG<\/strong><\/h2>\n\n\n\n<div id=\"greyd-69eb70b959354\" class=\"wp-block-greyd-box gs_1MeIh9 greyd-content-box gs_1MeIh9 has-background\"><div id='bg_69eb70b958bed' class='greyd-background'>\n\t\t\t\t\t\t\t\t<div class='bg_image'  data-srcset='{\"full\":\"https:\\\/\\\/bktech.sumec.ch\\\/wp-content\\\/uploads\\\/2026\\\/03\\\/DesignElement_Gruen.svg\"}'><\/div>\n\t\t\t\t\t\t\t\t\n\t\t\t\t\t\t\t\t\n\t\t\t\t\t\t\t\t\n\t\t\t\t\t\t\t<\/div><\/div>\n<\/div>\n\n\n\n<div class=\"wp-block-group is-nowrap is-layout-flex wp-container-core-group-is-layout-6c531013 wp-block-group-is-layout-flex gs_0UyH0q group_wrap\">\n<div id=\"greyd-69eb70b959fbb\" class=\"wp-block-greyd-box gs_9sTxfm greyd-content-box gs_9sTxfm has-background\"><div id='bg_69eb70b95976a' class='greyd-background'>\n\t\t\t\t\t\t\t\t<div class='bg_image'  data-srcset='{\"full\":\"https:\\\/\\\/bktech.sumec.ch\\\/wp-content\\\/uploads\\\/2026\\\/03\\\/DesignElement_Blau.svg\"}'><\/div>\n\t\t\t\t\t\t\t\t\n\t\t\t\t\t\t\t\t\n\t\t\t\t\t\t\t\t\n\t\t\t\t\t\t\t<\/div><\/div>\n\n\n\n<p class=\"bio-split-reveal__text\"><br>Modernste Bioenergieanlagen f\u00fcr Prozessw\u00e4rme in der Schweizer Industrie. bktech liefert und installiert flexible Systeme f\u00fcr Holzpellets, Bio\u00f6l, Biogas oder Erdgas \u2013 die Sumec stellt den zuverl\u00e4ssigen Betrieb und die langfristige Instandhaltung sicher.<\/p>\n<\/div>\n<\/div>\n<\/div>\n\n\n\n<div style=\"height:300px\" aria-hidden=\"true\" class=\"wp-block-spacer\"><\/div>\n\n\n\n<div class=\"wp-block-group bio-split-reveal is-layout-flow wp-block-group-is-layout-flow\" style=\"margin-top:0;margin-bottom:0;padding-right:0;padding-left:0\">\n<div class=\"wp-block-group bio-split-reveal__slashes is-content-justification-center is-nowrap is-layout-flex wp-container-core-group-is-layout-23441af8 wp-block-group-is-layout-flex\">\n<figure class=\"wp-block-image size-full bio-split-reveal__slash\"><img decoding=\"async\" src=\"https:\/\/bktech.sumec.ch\/wp-content\/uploads\/2026\/03\/DesignElement_Gruen.svg\" alt=\"\" class=\"wp-image-481\"\/><\/figure>\n\n\n\n<figure class=\"wp-block-image size-full bio-split-reveal__slash\"><img decoding=\"async\" src=\"https:\/\/bktech.sumec.ch\/wp-content\/uploads\/2026\/03\/DesignElement_Blau.svg\" alt=\"\" class=\"wp-image-482\"\/><\/figure>\n<\/div>\n<\/div>\n\n\n\n<div style=\"height:300px\" aria-hidden=\"true\" class=\"wp-block-spacer\"><\/div>\n\n\n\n<div class=\"wp-block-group co-split co-split--interactive color-section is-layout-flow wp-block-group-is-layout-flow\">\n<div class=\"wp-block-group co-split__inner is-layout-flow wp-block-group-is-layout-flow\">\n<div class=\"wp-block-group co-split__panel co-split__left has-image is-layout-flow wp-block-group-is-layout-flow\">\n<div class=\"wp-block-group co-interactive__content is-layout-flow wp-block-group-is-layout-flow\">\n<div class=\"wp-block-group is-content-justification-center is-nowrap is-layout-flex wp-container-core-group-is-layout-ff976b70 wp-block-group-is-layout-flex\">\n<figure class=\"wp-block-image size-full is-resized\" style=\"margin-top:0;margin-bottom:15px\"><img loading=\"lazy\" decoding=\"async\" width=\"1024\" height=\"301\" src=\"https:\/\/bktech.sumec.ch\/wp-content\/uploads\/2026\/02\/BKTech_Logo_RGB_White.webp\" alt=\"BKtech Logo als Negativ in weiss\" class=\"wp-image-47\" style=\"aspect-ratio:3.4021200526877;object-fit:contain;width:300px\" srcset=\"https:\/\/bktech.sumec.ch\/wp-content\/uploads\/2026\/02\/BKTech_Logo_RGB_White.webp 1024w, https:\/\/bktech.sumec.ch\/wp-content\/uploads\/2026\/02\/BKTech_Logo_RGB_White-300x88.webp 300w, https:\/\/bktech.sumec.ch\/wp-content\/uploads\/2026\/02\/BKTech_Logo_RGB_White-768x226.webp 768w\" sizes=\"auto, (max-width: 1024px) 100vw, 1024px\" \/><\/figure>\n<\/div>\n\n\n\n<div class=\"wp-block-group is-vertical is-layout-flex wp-container-core-group-is-layout-fe9cc265 wp-block-group-is-layout-flex\">\n<p class=\"has-lightest-color has-text-color has-link-color has-rajdhani-font-family wp-elements-f0e273a23f81fc4da2835f8b1c681fb3\" style=\"font-size:clamp(1.352rem, 1.352rem + ((1vw - 0.2rem) * 1.211), 2.2rem);\">bktech entwickelt und produziert industrietaugliche Bioenergieanlagen, die auf hohe Effizienz, flexible Brennstoffverf\u00fcgbarkeit und eine robuste, modulare Systemarchitektur ausgelegt sind. Die Anlagen sind darauf optimiert, Prozessw\u00e4rme in unterschiedlichsten Produktionsumgebungen zuverl\u00e4ssig bereitzustellen.<\/p>\n<\/div>\n<\/div>\n<\/div>\n\n\n\n<div class=\"wp-block-group co-split__panel co-split__right has-image is-layout-flow wp-block-group-is-layout-flow\">\n<div class=\"wp-block-group co-interactive__content is-layout-flow wp-block-group-is-layout-flow\">\n<div class=\"wp-block-group is-content-justification-center is-nowrap is-layout-flex wp-container-core-group-is-layout-ff976b70 wp-block-group-is-layout-flex\">\n<figure class=\"wp-block-image size-full is-resized\" style=\"margin-top:0\"><img loading=\"lazy\" decoding=\"async\" width=\"1024\" height=\"309\" src=\"https:\/\/bktech.sumec.ch\/wp-content\/uploads\/2026\/02\/Sumec_Logo_Schriftzug_RGB_White.webp\" alt=\"Sumec AG Logo als Negativ in weiss\" class=\"wp-image-50\" style=\"aspect-ratio:3.3139854585446327;object-fit:contain;width:300px\" srcset=\"https:\/\/bktech.sumec.ch\/wp-content\/uploads\/2026\/02\/Sumec_Logo_Schriftzug_RGB_White.webp 1024w, https:\/\/bktech.sumec.ch\/wp-content\/uploads\/2026\/02\/Sumec_Logo_Schriftzug_RGB_White-300x91.webp 300w, https:\/\/bktech.sumec.ch\/wp-content\/uploads\/2026\/02\/Sumec_Logo_Schriftzug_RGB_White-768x232.webp 768w\" sizes=\"auto, (max-width: 1024px) 100vw, 1024px\" \/><\/figure>\n<\/div>\n\n\n\n<div class=\"wp-block-group is-vertical is-layout-flex wp-container-core-group-is-layout-fe9cc265 wp-block-group-is-layout-flex\">\n<p class=\"has-lightest-color has-text-color has-link-color has-rajdhani-font-family has-large-font-size wp-elements-bdf7463971f647c4f18361dc18a83d1c\">Die Sumec AG \u00fcbernimmt in der Schweiz den kompletten Service- und Instandhaltungsbetrieb der bktech-Anlagen. Mit einem spezialisierten Technikerteam, kurzen Reaktionszeiten und einem pr\u00e4ventiven Wartungssystem stellt die Sumec AG sicher, dass die Bioenergieanlagen jederzeit zuverl\u00e4ssig und effizient laufen.<\/p>\n<\/div>\n<\/div>\n<\/div>\n<\/div>\n<\/div>\n\n\n\n<div style=\"height:500px\" aria-hidden=\"true\" class=\"wp-block-spacer\"><\/div>\n\n\n\n<p><\/p>\n","protected":false},"excerpt":{"rendered":"<p>Industrielle Bioenergiel\u00f6sung \u2013entwickelt vonbktech, betreut von der Sumec AG Modernste Bioenergieanlagen f\u00fcr Prozessw\u00e4rme in der Schweizer Industrie. bktech liefert und installiert flexible Systeme f\u00fcr Holzpellets, Bio\u00f6l, Biogas oder Erdgas \u2013 die Sumec stellt den zuverl\u00e4ssigen Betrieb und die langfristige Instandhaltung sicher. bktech entwickelt und produziert industrietaugliche Bioenergieanlagen, die auf hohe Effizienz, flexible Brennstoffverf\u00fcgbarkeit und eine [&hellip;]<\/p>\n","protected":false},"author":1,"featured_media":0,"parent":0,"menu_order":0,"comment_status":"closed","ping_status":"closed","template":"","meta":{"greyd_block_editor_preview":[],"footnotes":""},"class_list":["post-40","page","type-page","status-publish","hentry"],"yoast_head":"<!-- This site is optimized with the Yoast SEO plugin v27.4 - https:\/\/yoast.com\/product\/yoast-seo-wordpress\/ -->\n<title>Startseite - bktech \u2013 Sumec AG<\/title>\n<meta name=\"robots\" content=\"noindex, nofollow\" \/>\n<meta property=\"og:locale\" content=\"de_DE\" \/>\n<meta property=\"og:type\" content=\"article\" \/>\n<meta property=\"og:title\" content=\"Startseite - bktech \u2013 Sumec AG\" \/>\n<meta property=\"og:description\" content=\"Industrielle Bioenergiel\u00f6sung \u2013entwickelt vonbktech, betreut von der Sumec AG Modernste Bioenergieanlagen f\u00fcr Prozessw\u00e4rme in der Schweizer Industrie. bktech liefert und installiert flexible Systeme f\u00fcr Holzpellets, Bio\u00f6l, Biogas oder Erdgas \u2013 die Sumec stellt den zuverl\u00e4ssigen Betrieb und die langfristige Instandhaltung sicher. bktech entwickelt und produziert industrietaugliche Bioenergieanlagen, die auf hohe Effizienz, flexible Brennstoffverf\u00fcgbarkeit und eine [&hellip;]\" \/>\n<meta property=\"og:url\" content=\"https:\/\/bktech.sumec.ch\/\" \/>\n<meta property=\"og:site_name\" content=\"bktech \u2013 Sumec AG\" \/>\n<meta property=\"article:modified_time\" content=\"2026-04-21T11:50:11+00:00\" \/>\n<meta property=\"og:image\" content=\"https:\/\/bktech.sumec.ch\/wp-content\/uploads\/2026\/02\/BKTech_Logo_RGB_White.webp\" \/>\n\t<meta property=\"og:image:width\" content=\"1024\" \/>\n\t<meta property=\"og:image:height\" content=\"301\" \/>\n\t<meta property=\"og:image:type\" content=\"image\/webp\" \/>\n<meta name=\"twitter:card\" content=\"summary_large_image\" \/>\n<meta name=\"twitter:label1\" content=\"Gesch\u00e4tzte Lesezeit\" \/>\n\t<meta name=\"twitter:data1\" content=\"3\u00a0Minuten\" \/>\n<script type=\"application\/ld+json\" class=\"yoast-schema-graph\">{\"@context\":\"https:\\\/\\\/schema.org\",\"@graph\":[{\"@type\":\"WebPage\",\"@id\":\"https:\\\/\\\/bktech.sumec.ch\\\/\",\"url\":\"https:\\\/\\\/bktech.sumec.ch\\\/\",\"name\":\"Startseite - bktech \u2013 Sumec AG\",\"isPartOf\":{\"@id\":\"https:\\\/\\\/bktech.sumec.ch\\\/#website\"},\"primaryImageOfPage\":{\"@id\":\"https:\\\/\\\/bktech.sumec.ch\\\/#primaryimage\"},\"image\":{\"@id\":\"https:\\\/\\\/bktech.sumec.ch\\\/#primaryimage\"},\"thumbnailUrl\":\"https:\\\/\\\/bktech.sumec.ch\\\/wp-content\\\/uploads\\\/2026\\\/02\\\/BKTech_Logo_RGB_White.webp\",\"datePublished\":\"2026-02-25T10:34:37+00:00\",\"dateModified\":\"2026-04-21T11:50:11+00:00\",\"breadcrumb\":{\"@id\":\"https:\\\/\\\/bktech.sumec.ch\\\/#breadcrumb\"},\"inLanguage\":\"de-CH\",\"potentialAction\":[{\"@type\":\"ReadAction\",\"target\":[\"https:\\\/\\\/bktech.sumec.ch\\\/\"]}]},{\"@type\":\"ImageObject\",\"inLanguage\":\"de-CH\",\"@id\":\"https:\\\/\\\/bktech.sumec.ch\\\/#primaryimage\",\"url\":\"https:\\\/\\\/bktech.sumec.ch\\\/wp-content\\\/uploads\\\/2026\\\/02\\\/BKTech_Logo_RGB_White.webp\",\"contentUrl\":\"https:\\\/\\\/bktech.sumec.ch\\\/wp-content\\\/uploads\\\/2026\\\/02\\\/BKTech_Logo_RGB_White.webp\",\"width\":1024,\"height\":301,\"caption\":\"BKtech Logo als Negativ in weiss\"},{\"@type\":\"BreadcrumbList\",\"@id\":\"https:\\\/\\\/bktech.sumec.ch\\\/#breadcrumb\",\"itemListElement\":[{\"@type\":\"ListItem\",\"position\":1,\"name\":\"Startseite\",\"item\":\"https:\\\/\\\/bktech.sumec.ch\\\/\"},{\"@type\":\"ListItem\",\"position\":2,\"name\":\"Startseite\"}]},{\"@type\":\"WebSite\",\"@id\":\"https:\\\/\\\/bktech.sumec.ch\\\/#website\",\"url\":\"https:\\\/\\\/bktech.sumec.ch\\\/\",\"name\":\"bktech \u2013 Sumec AG\",\"description\":\"Partnerschafts Landingpage der Firmen bktech und Sumec AG\",\"potentialAction\":[{\"@type\":\"SearchAction\",\"target\":{\"@type\":\"EntryPoint\",\"urlTemplate\":\"https:\\\/\\\/bktech.sumec.ch\\\/?s={search_term_string}\"},\"query-input\":{\"@type\":\"PropertyValueSpecification\",\"valueRequired\":true,\"valueName\":\"search_term_string\"}}],\"inLanguage\":\"de-CH\"}]}<\/script>\n<!-- \/ Yoast SEO plugin. -->","yoast_head_json":{"title":"Startseite - bktech \u2013 Sumec AG","robots":{"index":"noindex","follow":"nofollow"},"og_locale":"de_DE","og_type":"article","og_title":"Startseite - bktech \u2013 Sumec AG","og_description":"Industrielle Bioenergiel\u00f6sung \u2013entwickelt vonbktech, betreut von der Sumec AG Modernste Bioenergieanlagen f\u00fcr Prozessw\u00e4rme in der Schweizer Industrie. bktech liefert und installiert flexible Systeme f\u00fcr Holzpellets, Bio\u00f6l, Biogas oder Erdgas \u2013 die Sumec stellt den zuverl\u00e4ssigen Betrieb und die langfristige Instandhaltung sicher. bktech entwickelt und produziert industrietaugliche Bioenergieanlagen, die auf hohe Effizienz, flexible Brennstoffverf\u00fcgbarkeit und eine [&hellip;]","og_url":"https:\/\/bktech.sumec.ch\/","og_site_name":"bktech \u2013 Sumec AG","article_modified_time":"2026-04-21T11:50:11+00:00","og_image":[{"width":1024,"height":301,"url":"https:\/\/bktech.sumec.ch\/wp-content\/uploads\/2026\/02\/BKTech_Logo_RGB_White.webp","type":"image\/webp"}],"twitter_card":"summary_large_image","twitter_misc":{"Gesch\u00e4tzte Lesezeit":"3\u00a0Minuten"},"schema":{"@context":"https:\/\/schema.org","@graph":[{"@type":"WebPage","@id":"https:\/\/bktech.sumec.ch\/","url":"https:\/\/bktech.sumec.ch\/","name":"Startseite - bktech \u2013 Sumec AG","isPartOf":{"@id":"https:\/\/bktech.sumec.ch\/#website"},"primaryImageOfPage":{"@id":"https:\/\/bktech.sumec.ch\/#primaryimage"},"image":{"@id":"https:\/\/bktech.sumec.ch\/#primaryimage"},"thumbnailUrl":"https:\/\/bktech.sumec.ch\/wp-content\/uploads\/2026\/02\/BKTech_Logo_RGB_White.webp","datePublished":"2026-02-25T10:34:37+00:00","dateModified":"2026-04-21T11:50:11+00:00","breadcrumb":{"@id":"https:\/\/bktech.sumec.ch\/#breadcrumb"},"inLanguage":"de-CH","potentialAction":[{"@type":"ReadAction","target":["https:\/\/bktech.sumec.ch\/"]}]},{"@type":"ImageObject","inLanguage":"de-CH","@id":"https:\/\/bktech.sumec.ch\/#primaryimage","url":"https:\/\/bktech.sumec.ch\/wp-content\/uploads\/2026\/02\/BKTech_Logo_RGB_White.webp","contentUrl":"https:\/\/bktech.sumec.ch\/wp-content\/uploads\/2026\/02\/BKTech_Logo_RGB_White.webp","width":1024,"height":301,"caption":"BKtech Logo als Negativ in weiss"},{"@type":"BreadcrumbList","@id":"https:\/\/bktech.sumec.ch\/#breadcrumb","itemListElement":[{"@type":"ListItem","position":1,"name":"Startseite","item":"https:\/\/bktech.sumec.ch\/"},{"@type":"ListItem","position":2,"name":"Startseite"}]},{"@type":"WebSite","@id":"https:\/\/bktech.sumec.ch\/#website","url":"https:\/\/bktech.sumec.ch\/","name":"bktech \u2013 Sumec AG","description":"Partnerschafts Landingpage der Firmen bktech und Sumec AG","potentialAction":[{"@type":"SearchAction","target":{"@type":"EntryPoint","urlTemplate":"https:\/\/bktech.sumec.ch\/?s={search_term_string}"},"query-input":{"@type":"PropertyValueSpecification","valueRequired":true,"valueName":"search_term_string"}}],"inLanguage":"de-CH"}]}},"_links":{"self":[{"href":"https:\/\/bktech.sumec.ch\/index.php?rest_route=\/wp\/v2\/pages\/40","targetHints":{"allow":["GET"]}}],"collection":[{"href":"https:\/\/bktech.sumec.ch\/index.php?rest_route=\/wp\/v2\/pages"}],"about":[{"href":"https:\/\/bktech.sumec.ch\/index.php?rest_route=\/wp\/v2\/types\/page"}],"author":[{"embeddable":true,"href":"https:\/\/bktech.sumec.ch\/index.php?rest_route=\/wp\/v2\/users\/1"}],"replies":[{"embeddable":true,"href":"https:\/\/bktech.sumec.ch\/index.php?rest_route=%2Fwp%2Fv2%2Fcomments&post=40"}],"version-history":[{"count":135,"href":"https:\/\/bktech.sumec.ch\/index.php?rest_route=\/wp\/v2\/pages\/40\/revisions"}],"predecessor-version":[{"id":502,"href":"https:\/\/bktech.sumec.ch\/index.php?rest_route=\/wp\/v2\/pages\/40\/revisions\/502"}],"wp:attachment":[{"href":"https:\/\/bktech.sumec.ch\/index.php?rest_route=%2Fwp%2Fv2%2Fmedia&parent=40"}],"curies":[{"name":"wp","href":"https:\/\/api.w.org\/{rel}","templated":true}]}}